{"id":11207,"date":"2019-05-16T20:00:48","date_gmt":"2019-05-16T18:00:48","guid":{"rendered":"https:\/\/adrenals.eu\/nyrnahettubilun-infographic\/"},"modified":"2023-08-11T10:23:10","modified_gmt":"2023-08-11T08:23:10","slug":"nyrnahettubilun-infographic","status":"publish","type":"page","link":"https:\/\/adrenals.eu\/is\/infographics-2\/nyrnahettubilun-infographic\/","title":{"rendered":"N\u00fdrnahettubilun infographic"},"content":{"rendered":"<p>Diseases like adrenal insufficiency are complex diseases. It is not strange that you have to learn a lot about the disease in order to understand what is happening to you. We help you to explain it using visual infographics with relatively simple texts on\u00a0this disease.<\/p>\n<p>Click on the items below to see the infographic in 4 steps or download it in printable pdf <a href=\"https:\/\/adrenals.eu\/wp-content\/uploads\/2019\/05\/20190425-Infographic-bijnierschorsinss-Icelandic.pdf\" target=\"_blank\" rel=\"noopener noreferrer\">(N\u00fdrnahettubilun pdf 14 MB)<\/a><\/p>\n<hr \/>\n<div class=\"wp-block-pb-accordion-item c-accordion__item js-accordion-item\" data-initially-open=\"false\" data-click-to-close=\"true\" data-auto-close=\"true\" data-scroll=\"false\" data-scroll-offset=\"0\">\n<div id=\"at-76870\" class=\"c-accordion__title js-accordion-controller\" tabindex=\"0\" role=\"button\" aria-controls=\"ac-76840\" aria-expanded=\"false\"><strong>1: Hva\u00f0 er n\u00fdrnahettubilun?<\/strong><\/div>\n<div id=\"ac-76870\" class=\"c-accordion__content\" style=\"display: none;\" aria-hidden=\"true\">\n<p><a href=\"https:\/\/adrenals.eu\/wp-content\/uploads\/2019\/05\/Hva\u00f0-er-n\u00fdrnahettubilun-infographic-IS-1.png\" data-rel=\"lightbox-image-0\" data-rl_title=\"\" data-rl_caption=\"\" title=\"\"><img loading=\"lazy\" decoding=\"async\" src=\"https:\/\/adrenals.eu\/wp-content\/uploads\/2019\/05\/Hva\u00f0-er-n\u00fdrnahettubilun-infographic-IS-1-769x1024.png\" alt=\"\" width=\"604\" height=\"804\" class=\"alignnone size-large wp-image-10502\" srcset=\"https:\/\/adrenals.eu\/wp-content\/uploads\/2019\/05\/Hva\u00f0-er-n\u00fdrnahettubilun-infographic-IS-1-769x1024.png 769w, https:\/\/adrenals.eu\/wp-content\/uploads\/2019\/05\/Hva\u00f0-er-n\u00fdrnahettubilun-infographic-IS-1-225x300.png 225w, https:\/\/adrenals.eu\/wp-content\/uploads\/2019\/05\/Hva\u00f0-er-n\u00fdrnahettubilun-infographic-IS-1-768x1023.png 768w, https:\/\/adrenals.eu\/wp-content\/uploads\/2019\/05\/Hva\u00f0-er-n\u00fdrnahettubilun-infographic-IS-1.png 931w\" sizes=\"auto, (max-width: 604px) 100vw, 604px\" \/><\/a><\/p>\n<\/div>\n<\/div>\n<hr \/>\n<div class=\"wp-block-pb-accordion-item c-accordion__item js-accordion-item\" data-initially-open=\"false\" data-click-to-close=\"true\" data-auto-close=\"true\" data-scroll=\"false\" data-scroll-offset=\"0\">\n<div id=\"at-76871\" class=\"c-accordion__title js-accordion-controller\" tabindex=\"0\" role=\"button\" aria-controls=\"ac-76840\" aria-expanded=\"false\"><strong>2: Hverjar eru aflei\u00f0ingar n\u00fdrnahettubilunar?<\/strong><\/div>\n<div id=\"ac-76871\" class=\"c-accordion__content\" style=\"display: none;\" aria-hidden=\"true\">\n<p><a href=\"https:\/\/adrenals.eu\/wp-content\/uploads\/2019\/05\/Hverjar-eru-aflei\u00f0ingar-n\u00fdrnahettubilunar-infographic-IS-2.png\" data-rel=\"lightbox-image-1\" data-rl_title=\"\" data-rl_caption=\"\" title=\"\"><img loading=\"lazy\" decoding=\"async\" src=\"https:\/\/adrenals.eu\/wp-content\/uploads\/2019\/05\/Hverjar-eru-aflei\u00f0ingar-n\u00fdrnahettubilunar-infographic-IS-2-768x1024.png\" alt=\"\" width=\"604\" height=\"805\" class=\"alignnone size-large wp-image-10490\" srcset=\"https:\/\/adrenals.eu\/wp-content\/uploads\/2019\/05\/Hverjar-eru-aflei\u00f0ingar-n\u00fdrnahettubilunar-infographic-IS-2-768x1024.png 768w, https:\/\/adrenals.eu\/wp-content\/uploads\/2019\/05\/Hverjar-eru-aflei\u00f0ingar-n\u00fdrnahettubilunar-infographic-IS-2-225x300.png 225w, https:\/\/adrenals.eu\/wp-content\/uploads\/2019\/05\/Hverjar-eru-aflei\u00f0ingar-n\u00fdrnahettubilunar-infographic-IS-2.png 929w\" sizes=\"auto, (max-width: 604px) 100vw, 604px\" \/><\/a><\/p>\n<\/div>\n<\/div>\n<hr \/>\n<div class=\"wp-block-pb-accordion-item c-accordion__item js-accordion-item\" data-initially-open=\"false\" data-click-to-close=\"true\" data-auto-close=\"true\" data-scroll=\"false\" data-scroll-offset=\"0\">\n<div id=\"at-76872\" class=\"c-accordion__title js-accordion-controller\" tabindex=\"0\" role=\"button\" aria-controls=\"ac-76840\" aria-expanded=\"false\"><strong>3: Hvernig er fari\u00f0 a\u00f0 \u00fev\u00ed a\u00f0 greina n\u00fdrnahettubilun?<\/strong><\/div>\n<div id=\"ac-76872\" class=\"c-accordion__content\" style=\"display: none;\" aria-hidden=\"true\">\n<p><a href=\"https:\/\/adrenals.eu\/wp-content\/uploads\/2019\/05\/Hvernig-er-fari\u00f0-a\u00f0-\u00fev\u00ed-a\u00f0-greina-n\u00fdrnahettubilun-infographic-IS-3.png\" data-rel=\"lightbox-image-2\" data-rl_title=\"\" data-rl_caption=\"\" title=\"\"><img loading=\"lazy\" decoding=\"async\" src=\"https:\/\/adrenals.eu\/wp-content\/uploads\/2019\/05\/Hvernig-er-fari\u00f0-a\u00f0-\u00fev\u00ed-a\u00f0-greina-n\u00fdrnahettubilun-infographic-IS-3-771x1024.png\" alt=\"\" width=\"604\" height=\"802\" class=\"alignnone size-large wp-image-10478\" srcset=\"https:\/\/adrenals.eu\/wp-content\/uploads\/2019\/05\/Hvernig-er-fari\u00f0-a\u00f0-\u00fev\u00ed-a\u00f0-greina-n\u00fdrnahettubilun-infographic-IS-3-771x1024.png 771w, https:\/\/adrenals.eu\/wp-content\/uploads\/2019\/05\/Hvernig-er-fari\u00f0-a\u00f0-\u00fev\u00ed-a\u00f0-greina-n\u00fdrnahettubilun-infographic-IS-3-226x300.png 226w, https:\/\/adrenals.eu\/wp-content\/uploads\/2019\/05\/Hvernig-er-fari\u00f0-a\u00f0-\u00fev\u00ed-a\u00f0-greina-n\u00fdrnahettubilun-infographic-IS-3-768x1020.png 768w, https:\/\/adrenals.eu\/wp-content\/uploads\/2019\/05\/Hvernig-er-fari\u00f0-a\u00f0-\u00fev\u00ed-a\u00f0-greina-n\u00fdrnahettubilun-infographic-IS-3.png 931w\" sizes=\"auto, (max-width: 604px) 100vw, 604px\" \/><\/a><\/p>\n<\/div>\n<\/div>\n<hr \/>\n<div class=\"wp-block-pb-accordion-item c-accordion__item js-accordion-item\" data-initially-open=\"false\" data-click-to-close=\"true\" data-auto-close=\"true\" data-scroll=\"false\" data-scroll-offset=\"0\">\n<div id=\"at-76873\" class=\"c-accordion__title js-accordion-controller\" tabindex=\"0\" role=\"button\" aria-controls=\"ac-76840\" aria-expanded=\"false\"><strong>4: Hvernig er n\u00fdrnahettusker\u00f0ing me\u00f0h\u00f6ndlu\u00f0?<\/strong><\/div>\n<div id=\"ac-76873\" class=\"c-accordion__content\" style=\"display: none;\" aria-hidden=\"true\">\n<p><a href=\"https:\/\/adrenals.eu\/wp-content\/uploads\/2019\/05\/Hvernig-er-n\u00fdrnahettusker\u00f0ing-me\u00f0h\u00f6ndlu\u00f0-infographic-IS-4.png\" data-rel=\"lightbox-image-3\" data-rl_title=\"\" data-rl_caption=\"\" title=\"\"><img loading=\"lazy\" decoding=\"async\" src=\"https:\/\/adrenals.eu\/wp-content\/uploads\/2019\/05\/Hvernig-er-n\u00fdrnahettusker\u00f0ing-me\u00f0h\u00f6ndlu\u00f0-infographic-IS-4-770x1024.png\" alt=\"\" width=\"604\" height=\"803\" class=\"alignnone size-large wp-image-10466\" srcset=\"https:\/\/adrenals.eu\/wp-content\/uploads\/2019\/05\/Hvernig-er-n\u00fdrnahettusker\u00f0ing-me\u00f0h\u00f6ndlu\u00f0-infographic-IS-4-770x1024.png 770w, https:\/\/adrenals.eu\/wp-content\/uploads\/2019\/05\/Hvernig-er-n\u00fdrnahettusker\u00f0ing-me\u00f0h\u00f6ndlu\u00f0-infographic-IS-4-225x300.png 225w, https:\/\/adrenals.eu\/wp-content\/uploads\/2019\/05\/Hvernig-er-n\u00fdrnahettusker\u00f0ing-me\u00f0h\u00f6ndlu\u00f0-infographic-IS-4-768x1022.png 768w, https:\/\/adrenals.eu\/wp-content\/uploads\/2019\/05\/Hvernig-er-n\u00fdrnahettusker\u00f0ing-me\u00f0h\u00f6ndlu\u00f0-infographic-IS-4.png 929w\" sizes=\"auto, (max-width: 604px) 100vw, 604px\" \/><\/a><\/p>\n<\/div>\n<\/div>\n<hr \/>\n","protected":false},"excerpt":{"rendered":"<p>Diseases like adrenal insufficiency are complex diseases. It is not strange that you have to learn a lot about the disease in order to understand what is happening to you. We help you to explain it using visual infographics with relatively simple texts on\u00a0this disease. Click on the items below to see the infographic in &hellip; <a href=\"https:\/\/adrenals.eu\/is\/infographics-2\/nyrnahettubilun-infographic\/\" class=\"more-link\">Lesa \u00e1fram <span class=\"screen-reader-text\">N\u00fdrnahettubilun infographic<\/span> <span class=\"meta-nav\">&rarr;<\/span><\/a><\/p>\n","protected":false},"author":1,"featured_media":11220,"parent":11242,"menu_order":0,"comment_status":"closed","ping_status":"closed","template":"","meta":{"protect_children":false,"footnotes":""},"class_list":["post-11207","page","type-page","status-publish","has-post-thumbnail","hentry"],"yoast_head":"<!-- This site is optimized with the Yoast SEO plugin v27.3 - https:\/\/yoast.com\/product\/yoast-seo-wordpress\/ -->\n<title>N\u00fdrnahettubilun infographic - adrenals.eu<\/title>\n<meta name=\"robots\" content=\"index, follow, max-snippet:-1, max-image-preview:large, max-video-preview:-1\" \/>\n<link rel=\"canonical\" href=\"https:\/\/adrenals.eu\/is\/infographics-2\/nyrnahettubilun-infographic\/\" \/>\n<meta property=\"og:locale\" content=\"is_IS\" \/>\n<meta property=\"og:type\" content=\"article\" \/>\n<meta property=\"og:title\" content=\"N\u00fdrnahettubilun infographic - adrenals.eu\" \/>\n<meta property=\"og:description\" content=\"Diseases like adrenal insufficiency are complex diseases. It is not strange that you have to learn a lot about the disease in order to understand what is happening to you. We help you to explain it using visual infographics with relatively simple texts on\u00a0this disease. Click on the items below to see the infographic in &hellip; Lesa \u00e1fram N\u00fdrnahettubilun infographic &rarr;\" \/>\n<meta property=\"og:url\" content=\"https:\/\/adrenals.eu\/is\/infographics-2\/nyrnahettubilun-infographic\/\" \/>\n<meta property=\"og:site_name\" content=\"adrenals.eu\" \/>\n<meta property=\"article:modified_time\" content=\"2023-08-11T08:23:10+00:00\" \/>\n<meta property=\"og:image\" content=\"https:\/\/adrenals.eu\/wp-content\/uploads\/2015\/09\/inphographic.png\" \/>\n\t<meta property=\"og:image:width\" content=\"265\" \/>\n\t<meta property=\"og:image:height\" content=\"150\" \/>\n\t<meta property=\"og:image:type\" content=\"image\/png\" \/>\n<meta name=\"twitter:card\" content=\"summary_large_image\" \/>\n<meta name=\"twitter:label1\" content=\"Est. reading time\" \/>\n\t<meta name=\"twitter:data1\" content=\"2 minutes\" \/>\n<script type=\"application\/ld+json\" class=\"yoast-schema-graph\">{\"@context\":\"https:\\\/\\\/schema.org\",\"@graph\":[{\"@type\":\"WebPage\",\"@id\":\"https:\\\/\\\/adrenals.eu\\\/is\\\/infographics-2\\\/nyrnahettubilun-infographic\\\/\",\"url\":\"https:\\\/\\\/adrenals.eu\\\/is\\\/infographics-2\\\/nyrnahettubilun-infographic\\\/\",\"name\":\"N\u00fdrnahettubilun infographic - adrenals.eu\",\"isPartOf\":{\"@id\":\"https:\\\/\\\/adrenals.eu\\\/#website\"},\"primaryImageOfPage\":{\"@id\":\"https:\\\/\\\/adrenals.eu\\\/is\\\/infographics-2\\\/nyrnahettubilun-infographic\\\/#primaryimage\"},\"image\":{\"@id\":\"https:\\\/\\\/adrenals.eu\\\/is\\\/infographics-2\\\/nyrnahettubilun-infographic\\\/#primaryimage\"},\"thumbnailUrl\":\"https:\\\/\\\/adrenals.eu\\\/wp-content\\\/uploads\\\/2015\\\/09\\\/inphographic.png\",\"datePublished\":\"2019-05-16T18:00:48+00:00\",\"dateModified\":\"2023-08-11T08:23:10+00:00\",\"breadcrumb\":{\"@id\":\"https:\\\/\\\/adrenals.eu\\\/is\\\/infographics-2\\\/nyrnahettubilun-infographic\\\/#breadcrumb\"},\"inLanguage\":\"is\",\"potentialAction\":[{\"@type\":\"ReadAction\",\"target\":[\"https:\\\/\\\/adrenals.eu\\\/is\\\/infographics-2\\\/nyrnahettubilun-infographic\\\/\"]}]},{\"@type\":\"ImageObject\",\"inLanguage\":\"is\",\"@id\":\"https:\\\/\\\/adrenals.eu\\\/is\\\/infographics-2\\\/nyrnahettubilun-infographic\\\/#primaryimage\",\"url\":\"https:\\\/\\\/adrenals.eu\\\/wp-content\\\/uploads\\\/2015\\\/09\\\/inphographic.png\",\"contentUrl\":\"https:\\\/\\\/adrenals.eu\\\/wp-content\\\/uploads\\\/2015\\\/09\\\/inphographic.png\",\"width\":265,\"height\":150},{\"@type\":\"BreadcrumbList\",\"@id\":\"https:\\\/\\\/adrenals.eu\\\/is\\\/infographics-2\\\/nyrnahettubilun-infographic\\\/#breadcrumb\",\"itemListElement\":[{\"@type\":\"ListItem\",\"position\":1,\"name\":\"Home\",\"item\":\"https:\\\/\\\/adrenals.eu\\\/de\\\/\"},{\"@type\":\"ListItem\",\"position\":2,\"name\":\"Infographics\",\"item\":\"https:\\\/\\\/adrenals.eu\\\/is\\\/infographics-2\\\/\"},{\"@type\":\"ListItem\",\"position\":3,\"name\":\"N\u00fdrnahettubilun infographic\"}]},{\"@type\":\"WebSite\",\"@id\":\"https:\\\/\\\/adrenals.eu\\\/#website\",\"url\":\"https:\\\/\\\/adrenals.eu\\\/\",\"name\":\"adrenals.eu\",\"description\":\"Everything about adrenal gland disorders\",\"potentialAction\":[{\"@type\":\"SearchAction\",\"target\":{\"@type\":\"EntryPoint\",\"urlTemplate\":\"https:\\\/\\\/adrenals.eu\\\/?s={search_term_string}\"},\"query-input\":{\"@type\":\"PropertyValueSpecification\",\"valueRequired\":true,\"valueName\":\"search_term_string\"}}],\"inLanguage\":\"is\"}]}<\/script>\n<!-- \/ Yoast SEO plugin. -->","yoast_head_json":{"title":"N\u00fdrnahettubilun infographic - adrenals.eu","robots":{"index":"index","follow":"follow","max-snippet":"max-snippet:-1","max-image-preview":"max-image-preview:large","max-video-preview":"max-video-preview:-1"},"canonical":"https:\/\/adrenals.eu\/is\/infographics-2\/nyrnahettubilun-infographic\/","og_locale":"is_IS","og_type":"article","og_title":"N\u00fdrnahettubilun infographic - adrenals.eu","og_description":"Diseases like adrenal insufficiency are complex diseases. It is not strange that you have to learn a lot about the disease in order to understand what is happening to you. We help you to explain it using visual infographics with relatively simple texts on\u00a0this disease. Click on the items below to see the infographic in &hellip; Lesa \u00e1fram N\u00fdrnahettubilun infographic &rarr;","og_url":"https:\/\/adrenals.eu\/is\/infographics-2\/nyrnahettubilun-infographic\/","og_site_name":"adrenals.eu","article_modified_time":"2023-08-11T08:23:10+00:00","og_image":[{"width":265,"height":150,"url":"https:\/\/adrenals.eu\/wp-content\/uploads\/2015\/09\/inphographic.png","type":"image\/png"}],"twitter_card":"summary_large_image","twitter_misc":{"Est. reading time":"2 minutes"},"schema":{"@context":"https:\/\/schema.org","@graph":[{"@type":"WebPage","@id":"https:\/\/adrenals.eu\/is\/infographics-2\/nyrnahettubilun-infographic\/","url":"https:\/\/adrenals.eu\/is\/infographics-2\/nyrnahettubilun-infographic\/","name":"N\u00fdrnahettubilun infographic - adrenals.eu","isPartOf":{"@id":"https:\/\/adrenals.eu\/#website"},"primaryImageOfPage":{"@id":"https:\/\/adrenals.eu\/is\/infographics-2\/nyrnahettubilun-infographic\/#primaryimage"},"image":{"@id":"https:\/\/adrenals.eu\/is\/infographics-2\/nyrnahettubilun-infographic\/#primaryimage"},"thumbnailUrl":"https:\/\/adrenals.eu\/wp-content\/uploads\/2015\/09\/inphographic.png","datePublished":"2019-05-16T18:00:48+00:00","dateModified":"2023-08-11T08:23:10+00:00","breadcrumb":{"@id":"https:\/\/adrenals.eu\/is\/infographics-2\/nyrnahettubilun-infographic\/#breadcrumb"},"inLanguage":"is","potentialAction":[{"@type":"ReadAction","target":["https:\/\/adrenals.eu\/is\/infographics-2\/nyrnahettubilun-infographic\/"]}]},{"@type":"ImageObject","inLanguage":"is","@id":"https:\/\/adrenals.eu\/is\/infographics-2\/nyrnahettubilun-infographic\/#primaryimage","url":"https:\/\/adrenals.eu\/wp-content\/uploads\/2015\/09\/inphographic.png","contentUrl":"https:\/\/adrenals.eu\/wp-content\/uploads\/2015\/09\/inphographic.png","width":265,"height":150},{"@type":"BreadcrumbList","@id":"https:\/\/adrenals.eu\/is\/infographics-2\/nyrnahettubilun-infographic\/#breadcrumb","itemListElement":[{"@type":"ListItem","position":1,"name":"Home","item":"https:\/\/adrenals.eu\/de\/"},{"@type":"ListItem","position":2,"name":"Infographics","item":"https:\/\/adrenals.eu\/is\/infographics-2\/"},{"@type":"ListItem","position":3,"name":"N\u00fdrnahettubilun infographic"}]},{"@type":"WebSite","@id":"https:\/\/adrenals.eu\/#website","url":"https:\/\/adrenals.eu\/","name":"adrenals.eu","description":"Everything about adrenal gland disorders","potentialAction":[{"@type":"SearchAction","target":{"@type":"EntryPoint","urlTemplate":"https:\/\/adrenals.eu\/?s={search_term_string}"},"query-input":{"@type":"PropertyValueSpecification","valueRequired":true,"valueName":"search_term_string"}}],"inLanguage":"is"}]}},"_links":{"self":[{"href":"https:\/\/adrenals.eu\/is\/wp-json\/wp\/v2\/pages\/11207","targetHints":{"allow":["GET"]}}],"collection":[{"href":"https:\/\/adrenals.eu\/is\/wp-json\/wp\/v2\/pages"}],"about":[{"href":"https:\/\/adrenals.eu\/is\/wp-json\/wp\/v2\/types\/page"}],"author":[{"embeddable":true,"href":"https:\/\/adrenals.eu\/is\/wp-json\/wp\/v2\/users\/1"}],"replies":[{"embeddable":true,"href":"https:\/\/adrenals.eu\/is\/wp-json\/wp\/v2\/comments?post=11207"}],"version-history":[{"count":1,"href":"https:\/\/adrenals.eu\/is\/wp-json\/wp\/v2\/pages\/11207\/revisions"}],"predecessor-version":[{"id":22710,"href":"https:\/\/adrenals.eu\/is\/wp-json\/wp\/v2\/pages\/11207\/revisions\/22710"}],"up":[{"embeddable":true,"href":"https:\/\/adrenals.eu\/is\/wp-json\/wp\/v2\/pages\/11242"}],"wp:featuredmedia":[{"embeddable":true,"href":"https:\/\/adrenals.eu\/is\/wp-json\/wp\/v2\/media\/11220"}],"wp:attachment":[{"href":"https:\/\/adrenals.eu\/is\/wp-json\/wp\/v2\/media?parent=11207"}],"curies":[{"name":"wp","href":"https:\/\/api.w.org\/{rel}","templated":true}]}}