{"id":9245,"date":"2018-02-12T18:53:10","date_gmt":"2018-02-12T16:53:10","guid":{"rendered":"https:\/\/adrenals.eu\/housse-de-ceinture-de-securite-et-housse-pour-maxi-cosi-ou-ceinture\/"},"modified":"2018-07-10T08:54:26","modified_gmt":"2018-07-10T06:54:26","slug":"housse-de-ceinture-de-securite-et-housse-pour-maxi-cosi-ou-ceinture","status":"publish","type":"page","link":"https:\/\/adrenals.eu\/fr\/housse-de-ceinture-de-securite-et-housse-pour-maxi-cosi-ou-ceinture\/","title":{"rendered":"Housse de ceinture de s\u00e9curit\u00e9 et housse pour Maxi-Cosi ou ceinture."},"content":{"rendered":"<p><em><img loading=\"lazy\" decoding=\"async\" class=\"alignnone\" src=\"https:\/\/www.bijniergeenbijzaak.nl\/wp-content\/themes\/bijniergeenbijzaak\/images\/gordel.png\" alt=\"\" width=\"327\" height=\"270\" \/><br \/>\n<\/em><\/p>\n<p><em>Les bonnes donn\u00e9es<\/em><br \/>\n<em> Toujours \u00e0 port\u00e9e de main.<\/em><\/p>\n<p>Les patients ont la possibilit\u00e9 de ranger leurs dossiers m\u00e9dicaux dans la housse de ceinture de s\u00e9curit\u00e9 et voyager ainsi en toute tranquillit\u00e9.<\/p>\n<p>Une crise addisonienne entra\u00eene une baisse de la pression art\u00e9rielle, des naus\u00e9es, un obscurcissement de la conscience et il devient alors difficile, voire impossible, de garder les id\u00e9es claires.<\/p>\n<p>Sans intervention rapide, le patient perdra connaissance ; dans le pire des cas, il peut m\u00eame d\u00e9c\u00e9der.<\/p>\n<p>Pour que les aidants puissent savoir ce qui ne va pas et comment agir apr\u00e8s un accident de voiture, mieux vaut garder la carte bien en \u00e9vidence sur vous.<\/p>\n<p>T\u00e9l\u00e9chargez \u00e9galement le pdf pour que vous puissiez imprimer facilement vos donn\u00e9es selon les dimensions de l\u2019\u00e9tui.<\/p>\n<p>La housse de ceinture de s\u00e9curit\u00e9 est adapt\u00e9e \u00e0 la carte d\u2019urgence europ\u00e9enne.<\/p>\n<p>Achetez la housse de ceinture de s\u00e9curit\u00e9 aupr\u00e8s de votre association de patients nationale, ou commandez-la sur le site n\u00e9erlandais de NVACP :\u00a0l\u2019\u00e9tui complet co\u00fbte 10,00\u00a0\u20ac (pour les membres de la NVACP) ou 15,00\u00a0\u20ac (pour les non membres), frais d\u2019affranchissement inclus.<\/p>\n<p><a class=\"knop\" href=\"https:\/\/bijniervereniging-nvacp.nl\/product\/sos-safetybelt-groot-en-klein\/\" target=\"_blank\" rel=\"noopener\">Commandez maintenant &#8211; \u20ac10,00<\/a><\/p>\n<p>Formulaire PDF que vous pouvez imprimer \u00e0 la bonne taille:<\/p>\n<p><a class=\"download\" href=\"http:\/\/www.nvacp.nl\/uploaded\/\/FILES\/131111-NVACP-SOS-formulier-defP.pdf\" target=\"_blank\" rel=\"noopener\">T\u00e9l\u00e9chargement gratuit<\/a><\/p>\n","protected":false},"excerpt":{"rendered":"<p>Les bonnes donn\u00e9es Toujours \u00e0 port\u00e9e de main. Les patients ont la possibilit\u00e9 de ranger leurs dossiers m\u00e9dicaux dans la housse de ceinture de s\u00e9curit\u00e9 et voyager ainsi en toute tranquillit\u00e9. Une crise addisonienne entra\u00eene une baisse de la pression art\u00e9rielle, des naus\u00e9es, un obscurcissement de la conscience et il devient alors difficile, voire impossible, &hellip; <a href=\"https:\/\/adrenals.eu\/fr\/housse-de-ceinture-de-securite-et-housse-pour-maxi-cosi-ou-ceinture\/\" class=\"more-link\">Continuer la lecture de <span class=\"screen-reader-text\">Housse de ceinture de s\u00e9curit\u00e9 et housse pour Maxi-Cosi ou ceinture.<\/span> <span class=\"meta-nav\">&rarr;<\/span><\/a><\/p>\n","protected":false},"author":1,"featured_media":0,"parent":0,"menu_order":0,"comment_status":"closed","ping_status":"closed","template":"","meta":{"protect_children":false,"footnotes":""},"class_list":["post-9245","page","type-page","status-publish","hentry"],"yoast_head":"<!-- This site is optimized with the Yoast SEO plugin v27.3 - https:\/\/yoast.com\/product\/yoast-seo-wordpress\/ -->\n<title>Housse de ceinture de s\u00e9curit\u00e9 et housse pour Maxi-Cosi ou ceinture. - adrenals.eu<\/title>\n<meta name=\"robots\" content=\"index, follow, max-snippet:-1, max-image-preview:large, max-video-preview:-1\" \/>\n<link rel=\"canonical\" href=\"https:\/\/adrenals.eu\/fr\/housse-de-ceinture-de-securite-et-housse-pour-maxi-cosi-ou-ceinture\/\" \/>\n<meta property=\"og:locale\" content=\"fr_FR\" \/>\n<meta property=\"og:type\" content=\"article\" \/>\n<meta property=\"og:title\" content=\"Housse de ceinture de s\u00e9curit\u00e9 et housse pour Maxi-Cosi ou ceinture. - adrenals.eu\" \/>\n<meta property=\"og:description\" content=\"Les bonnes donn\u00e9es Toujours \u00e0 port\u00e9e de main. Les patients ont la possibilit\u00e9 de ranger leurs dossiers m\u00e9dicaux dans la housse de ceinture de s\u00e9curit\u00e9 et voyager ainsi en toute tranquillit\u00e9. Une crise addisonienne entra\u00eene une baisse de la pression art\u00e9rielle, des naus\u00e9es, un obscurcissement de la conscience et il devient alors difficile, voire impossible, &hellip; Continuer la lecture de Housse de ceinture de s\u00e9curit\u00e9 et housse pour Maxi-Cosi ou ceinture. &rarr;\" \/>\n<meta property=\"og:url\" content=\"https:\/\/adrenals.eu\/fr\/housse-de-ceinture-de-securite-et-housse-pour-maxi-cosi-ou-ceinture\/\" \/>\n<meta property=\"og:site_name\" content=\"adrenals.eu\" \/>\n<meta property=\"article:modified_time\" content=\"2018-07-10T06:54:26+00:00\" \/>\n<meta property=\"og:image\" content=\"https:\/\/www.bijniergeenbijzaak.nl\/wp-content\/themes\/bijniergeenbijzaak\/images\/gordel.png\" \/>\n<meta name=\"twitter:card\" content=\"summary_large_image\" \/>\n<meta name=\"twitter:label1\" content=\"Dur\u00e9e de lecture estim\u00e9e\" \/>\n\t<meta name=\"twitter:data1\" content=\"1 minute\" \/>\n<script type=\"application\/ld+json\" class=\"yoast-schema-graph\">{\"@context\":\"https:\\\/\\\/schema.org\",\"@graph\":[{\"@type\":\"WebPage\",\"@id\":\"https:\\\/\\\/adrenals.eu\\\/fr\\\/housse-de-ceinture-de-securite-et-housse-pour-maxi-cosi-ou-ceinture\\\/\",\"url\":\"https:\\\/\\\/adrenals.eu\\\/fr\\\/housse-de-ceinture-de-securite-et-housse-pour-maxi-cosi-ou-ceinture\\\/\",\"name\":\"Housse de ceinture de s\u00e9curit\u00e9 et housse pour Maxi-Cosi ou ceinture. - adrenals.eu\",\"isPartOf\":{\"@id\":\"https:\\\/\\\/adrenals.eu\\\/#website\"},\"primaryImageOfPage\":{\"@id\":\"https:\\\/\\\/adrenals.eu\\\/fr\\\/housse-de-ceinture-de-securite-et-housse-pour-maxi-cosi-ou-ceinture\\\/#primaryimage\"},\"image\":{\"@id\":\"https:\\\/\\\/adrenals.eu\\\/fr\\\/housse-de-ceinture-de-securite-et-housse-pour-maxi-cosi-ou-ceinture\\\/#primaryimage\"},\"thumbnailUrl\":\"https:\\\/\\\/www.bijniergeenbijzaak.nl\\\/wp-content\\\/themes\\\/bijniergeenbijzaak\\\/images\\\/gordel.png\",\"datePublished\":\"2018-02-12T16:53:10+00:00\",\"dateModified\":\"2018-07-10T06:54:26+00:00\",\"breadcrumb\":{\"@id\":\"https:\\\/\\\/adrenals.eu\\\/fr\\\/housse-de-ceinture-de-securite-et-housse-pour-maxi-cosi-ou-ceinture\\\/#breadcrumb\"},\"inLanguage\":\"fr-FR\",\"potentialAction\":[{\"@type\":\"ReadAction\",\"target\":[\"https:\\\/\\\/adrenals.eu\\\/fr\\\/housse-de-ceinture-de-securite-et-housse-pour-maxi-cosi-ou-ceinture\\\/\"]}]},{\"@type\":\"ImageObject\",\"inLanguage\":\"fr-FR\",\"@id\":\"https:\\\/\\\/adrenals.eu\\\/fr\\\/housse-de-ceinture-de-securite-et-housse-pour-maxi-cosi-ou-ceinture\\\/#primaryimage\",\"url\":\"https:\\\/\\\/www.bijniergeenbijzaak.nl\\\/wp-content\\\/themes\\\/bijniergeenbijzaak\\\/images\\\/gordel.png\",\"contentUrl\":\"https:\\\/\\\/www.bijniergeenbijzaak.nl\\\/wp-content\\\/themes\\\/bijniergeenbijzaak\\\/images\\\/gordel.png\"},{\"@type\":\"BreadcrumbList\",\"@id\":\"https:\\\/\\\/adrenals.eu\\\/fr\\\/housse-de-ceinture-de-securite-et-housse-pour-maxi-cosi-ou-ceinture\\\/#breadcrumb\",\"itemListElement\":[{\"@type\":\"ListItem\",\"position\":1,\"name\":\"Home\",\"item\":\"https:\\\/\\\/adrenals.eu\\\/fr\\\/\"},{\"@type\":\"ListItem\",\"position\":2,\"name\":\"Housse de ceinture de s\u00e9curit\u00e9 et housse pour Maxi-Cosi ou ceinture.\"}]},{\"@type\":\"WebSite\",\"@id\":\"https:\\\/\\\/adrenals.eu\\\/#website\",\"url\":\"https:\\\/\\\/adrenals.eu\\\/\",\"name\":\"adrenals.eu\",\"description\":\"Everything about adrenal gland disorders\",\"potentialAction\":[{\"@type\":\"SearchAction\",\"target\":{\"@type\":\"EntryPoint\",\"urlTemplate\":\"https:\\\/\\\/adrenals.eu\\\/?s={search_term_string}\"},\"query-input\":{\"@type\":\"PropertyValueSpecification\",\"valueRequired\":true,\"valueName\":\"search_term_string\"}}],\"inLanguage\":\"fr-FR\"}]}<\/script>\n<!-- \/ Yoast SEO plugin. -->","yoast_head_json":{"title":"Housse de ceinture de s\u00e9curit\u00e9 et housse pour Maxi-Cosi ou ceinture. - adrenals.eu","robots":{"index":"index","follow":"follow","max-snippet":"max-snippet:-1","max-image-preview":"max-image-preview:large","max-video-preview":"max-video-preview:-1"},"canonical":"https:\/\/adrenals.eu\/fr\/housse-de-ceinture-de-securite-et-housse-pour-maxi-cosi-ou-ceinture\/","og_locale":"fr_FR","og_type":"article","og_title":"Housse de ceinture de s\u00e9curit\u00e9 et housse pour Maxi-Cosi ou ceinture. - adrenals.eu","og_description":"Les bonnes donn\u00e9es Toujours \u00e0 port\u00e9e de main. Les patients ont la possibilit\u00e9 de ranger leurs dossiers m\u00e9dicaux dans la housse de ceinture de s\u00e9curit\u00e9 et voyager ainsi en toute tranquillit\u00e9. Une crise addisonienne entra\u00eene une baisse de la pression art\u00e9rielle, des naus\u00e9es, un obscurcissement de la conscience et il devient alors difficile, voire impossible, &hellip; Continuer la lecture de Housse de ceinture de s\u00e9curit\u00e9 et housse pour Maxi-Cosi ou ceinture. &rarr;","og_url":"https:\/\/adrenals.eu\/fr\/housse-de-ceinture-de-securite-et-housse-pour-maxi-cosi-ou-ceinture\/","og_site_name":"adrenals.eu","article_modified_time":"2018-07-10T06:54:26+00:00","og_image":[{"url":"https:\/\/www.bijniergeenbijzaak.nl\/wp-content\/themes\/bijniergeenbijzaak\/images\/gordel.png","type":"","width":"","height":""}],"twitter_card":"summary_large_image","twitter_misc":{"Dur\u00e9e de lecture estim\u00e9e":"1 minute"},"schema":{"@context":"https:\/\/schema.org","@graph":[{"@type":"WebPage","@id":"https:\/\/adrenals.eu\/fr\/housse-de-ceinture-de-securite-et-housse-pour-maxi-cosi-ou-ceinture\/","url":"https:\/\/adrenals.eu\/fr\/housse-de-ceinture-de-securite-et-housse-pour-maxi-cosi-ou-ceinture\/","name":"Housse de ceinture de s\u00e9curit\u00e9 et housse pour Maxi-Cosi ou ceinture. - adrenals.eu","isPartOf":{"@id":"https:\/\/adrenals.eu\/#website"},"primaryImageOfPage":{"@id":"https:\/\/adrenals.eu\/fr\/housse-de-ceinture-de-securite-et-housse-pour-maxi-cosi-ou-ceinture\/#primaryimage"},"image":{"@id":"https:\/\/adrenals.eu\/fr\/housse-de-ceinture-de-securite-et-housse-pour-maxi-cosi-ou-ceinture\/#primaryimage"},"thumbnailUrl":"https:\/\/www.bijniergeenbijzaak.nl\/wp-content\/themes\/bijniergeenbijzaak\/images\/gordel.png","datePublished":"2018-02-12T16:53:10+00:00","dateModified":"2018-07-10T06:54:26+00:00","breadcrumb":{"@id":"https:\/\/adrenals.eu\/fr\/housse-de-ceinture-de-securite-et-housse-pour-maxi-cosi-ou-ceinture\/#breadcrumb"},"inLanguage":"fr-FR","potentialAction":[{"@type":"ReadAction","target":["https:\/\/adrenals.eu\/fr\/housse-de-ceinture-de-securite-et-housse-pour-maxi-cosi-ou-ceinture\/"]}]},{"@type":"ImageObject","inLanguage":"fr-FR","@id":"https:\/\/adrenals.eu\/fr\/housse-de-ceinture-de-securite-et-housse-pour-maxi-cosi-ou-ceinture\/#primaryimage","url":"https:\/\/www.bijniergeenbijzaak.nl\/wp-content\/themes\/bijniergeenbijzaak\/images\/gordel.png","contentUrl":"https:\/\/www.bijniergeenbijzaak.nl\/wp-content\/themes\/bijniergeenbijzaak\/images\/gordel.png"},{"@type":"BreadcrumbList","@id":"https:\/\/adrenals.eu\/fr\/housse-de-ceinture-de-securite-et-housse-pour-maxi-cosi-ou-ceinture\/#breadcrumb","itemListElement":[{"@type":"ListItem","position":1,"name":"Home","item":"https:\/\/adrenals.eu\/fr\/"},{"@type":"ListItem","position":2,"name":"Housse de ceinture de s\u00e9curit\u00e9 et housse pour Maxi-Cosi ou ceinture."}]},{"@type":"WebSite","@id":"https:\/\/adrenals.eu\/#website","url":"https:\/\/adrenals.eu\/","name":"adrenals.eu","description":"Everything about adrenal gland disorders","potentialAction":[{"@type":"SearchAction","target":{"@type":"EntryPoint","urlTemplate":"https:\/\/adrenals.eu\/?s={search_term_string}"},"query-input":{"@type":"PropertyValueSpecification","valueRequired":true,"valueName":"search_term_string"}}],"inLanguage":"fr-FR"}]}},"_links":{"self":[{"href":"https:\/\/adrenals.eu\/fr\/wp-json\/wp\/v2\/pages\/9245","targetHints":{"allow":["GET"]}}],"collection":[{"href":"https:\/\/adrenals.eu\/fr\/wp-json\/wp\/v2\/pages"}],"about":[{"href":"https:\/\/adrenals.eu\/fr\/wp-json\/wp\/v2\/types\/page"}],"author":[{"embeddable":true,"href":"https:\/\/adrenals.eu\/fr\/wp-json\/wp\/v2\/users\/1"}],"replies":[{"embeddable":true,"href":"https:\/\/adrenals.eu\/fr\/wp-json\/wp\/v2\/comments?post=9245"}],"version-history":[{"count":1,"href":"https:\/\/adrenals.eu\/fr\/wp-json\/wp\/v2\/pages\/9245\/revisions"}],"predecessor-version":[{"id":9897,"href":"https:\/\/adrenals.eu\/fr\/wp-json\/wp\/v2\/pages\/9245\/revisions\/9897"}],"wp:attachment":[{"href":"https:\/\/adrenals.eu\/fr\/wp-json\/wp\/v2\/media?parent=9245"}],"curies":[{"name":"wp","href":"https:\/\/api.w.org\/{rel}","templated":true}]}}