{"id":5989,"date":"2016-05-27T17:19:18","date_gmt":"2016-05-27T15:19:18","guid":{"rendered":"https:\/\/adrenals.eu\/da\/hvad-er-adrelannet-mission\/"},"modified":"2016-05-27T17:19:18","modified_gmt":"2016-05-27T15:19:18","slug":"hvad-er-adrelannet-mission","status":"publish","type":"page","link":"https:\/\/adrenals.eu\/da\/om-os\/hvad-er-adrelannet-mission\/","title":{"rendered":"Hvad er AdrelanNET \/ Mission"},"content":{"rendered":"<p class=\"p2\">Introduktion til AdrenalNET (BijnierNET p\u00e5 hollandsk)<\/p>\n<p class=\"p6\"><b>Ikke alle patienter med en binyrerelateret sygdom er s\u00e5 \u2018heldige\u2019 at blive diagnosticeret hurtigt og korrekt. Hvert \u00e5r, ogs\u00e5 i vore dage, konfronteres l\u00e6ger og patienter med un\u00f8dig menneskelig lidelse, ganske enkelt fordi det nogle gange tager ti eller tyve \u00e5r, inden man finder frem til den korrekte diagnose Det er en uholdbar situation: b\u00e5de for de p\u00e5g\u00e6ldende patienter, for deres n\u00e6rmeste, for deres plejepersonale og for sundhedssektoren i sin helhed. <\/b><\/p>\n<p class=\"p7\"><b>BijnierNET <\/b>arbejder p\u00e5 at <span class=\"s2\"><i>forbedre den behandling, der <\/i><\/span>gives til personer med binyrerelaterede sygdomme p\u00e5 f\u00f8lgende m\u00e5der:<\/p>\n<ul>\n<li class=\"p8\">Forbedret diagnostik hvad ang\u00e5r hurtighed, tilstr\u00e6kkelighed og effektivitet<\/li>\n<li class=\"p8\">Bedre behandling i n\u00f8dsituationer, under visitation, Bedre injektionsf\u00e6rdigheder og tr\u00e6ning for ikke-professionelle omsorgspersoner<\/li>\n<li class=\"p8\">Bedre kvalitet i den specialiserede langtidsbehandling, med s\u00e6rlig v\u00e6gt p\u00e5 medbestemmelse og udviklingen af kvalitetsstandarder.<\/li>\n<\/ul>\n<p class=\"p7\"><b>BijnierNET <\/b>blev grundlagt den 19. december 2014 og bygger p\u00e5 princippet om<span class=\"s2\"><i>\u2018patienten som partner<\/i><\/span>\u2019.<\/p>\n<p><b>BijnierNET tilbyder patienter med binyrerelaterede sygdomme og deres omsorgspersoner:<\/b><\/p>\n<ul>\n<li class=\"p8\">den seneste viden og informationer om diagnosen og behandlingen af binyrerelaterede sygdomme, i samarbejde mellem alle anerkendte eksperter inden for dette omr\u00e5de<\/li>\n<\/ul>\n<ul>\n<li class=\"p8\">mulighed for at stille generelle sp\u00f8rgsm\u00e5l, der besvares af specialuddannet sundhedspersonale<\/li>\n<\/ul>\n<ul>\n<li class=\"p10\">mulighed for at dele og udveksle erfaringer mellem patienter og omsorgspersoner, s\u00e5 de kan l\u00e6re af hinanden.<\/li>\n<\/ul>\n<p class=\"p9\"><b>BijnierNET tilbyder sundhedspersonale: <\/b><\/p>\n<ul>\n<li>muligheden for at dele viden og informationer med patienter, ikke-professionelle omsorgspersoner og andet sundhedspersonale<\/li>\n<li>et unikt og innovativt samarbejde mellem alle universitetshospitalerne og en r\u00e6kke andre uddannelseshospitaler i Holland, der specialiserer sig inden for binyrerelaterede sygdomme<\/li>\n<li>muligheden for at etablere ensartede landsd\u00e6kkende behandlingsforl\u00f8b, baseret p\u00e5 standarden Adrenal Gland Disorder Care Quality, der i \u00f8jeblikket er under udvikling, s\u00e5 patienter med binyrerelaterede sygdomme vil modtage den samme kvalitet i behandlingen, uanset hvor de bor<\/li>\n<li>st\u00f8tte til at iv\u00e6rks\u00e6tte f\u00e6lles forskning, og bedre koordineret forskning, med henblik p\u00e5 at forbedre behandlingen af patienter med binyrerelaterede sygdomme.<\/li>\n<\/ul>\n<p class=\"p9\"><b>Bestyrelse <\/b><\/p>\n<p class=\"p7\">BijnierNET er en almennyttig fond, der administreres af en bestyrelse. Bestyrelsen best\u00e5r af repr\u00e6sentanter fra den hollandske binyreforening NVACP, den hollandske adrenalfond, universitetshospitaler, uddannelseshospitaler, den nationale arbejdsgruppe af endokrinologiske sygeplejersker (LWEV) og det hollandske institut for praktiserende l\u00e6ger (NHG). Dette bredt baserede engagement sikrer, at alle facetter ved behandling af patienter med binyrerelaterede sygdomme bliver repr\u00e6senteret. Pr\u00e6sidiet best\u00e5r af to l\u00e6ger (Ad Hermus fra Radboud UMC og Anton Franken fra Isala Hospital), to patienter (Alida Noordzij og en ubesat plads) samt koordinatoren, Johan Beun. Pr\u00e6sidiet har ansvaret for fondens daglige drift.<\/p>\n<p class=\"p9\"><b>Arbejdsaktiviteter <\/b><\/p>\n<p>En anden vigtig medarbejder hos BijnierNET er Lisanne Smans, der har speciale i intern medicin og endokrinologi. Hendes vigtigste opgave er at udarbejde en standard for behandlingskvalitet for alle<\/p>\n<p class=\"p9\"><b>Mission <\/b><\/p>\n<p class=\"p11\"><b><i>BijnierNET hj\u00e6lper patienter med binyrerelaterede sygdomme, omsorgspersoner og sundhedspersonale med at finde p\u00e5lidelige og tilg\u00e6ngelige informationer (b\u00e5de videnskabeligt og generelt) og tilbyder en sikker platform for udveksling af informationer, s\u00e5 de sammen kan forbedre behandlingen, lige fra selve diagnosen til planl\u00e6gning af behandlingen, alt sammen med henblik p\u00e5 at styrke patientens varetagelse af vedkommendes eget liv.<\/i><\/b><\/p>\n<p class=\"p7\"><strong>Kommunikation<\/strong><\/p>\n<p class=\"p7\">Dr. Lisanne C.C.J. van der Plas-Smans\u00a0leverer de grundl\u00e6ggende informationer om binyrerelaterede sygdomme, der er tilg\u00e6ngelige p\u00e5 hjemmesiden. Jacqueline Neijenhuis har ansvaret for kommunikationen, herunder hjemmesiden og de sociale medier, oprettelsen og udvidelsen af BijnierNET f\u00e6llesskabet og statusrapporterne. Endelig st\u00e5r Marnix Bras og Wil Scholten for hjemmesiden og det grafiske udtryk.<\/p>\n<p class=\"p9\"><b>Projekter <\/b><\/p>\n<p class=\"p12\"><b>Standard for behandlingskvalitet for binyrerelaterede sygdomme <\/b><\/p>\n<p class=\"p7\">Udvikling af en standard for behandlingskvalitet for binyrerelaterede sygdomme, der beskriver best practices og kan medtages i det hollandske sundhedsinstituts kvalitetsregister.<\/p>\n<p class=\"p12\"><b>Sundhedsuddannelse og -information <\/b><\/p>\n<p class=\"p7\">Udvikling af en lang r\u00e6kke uddannelsesmaterialer i et fors\u00f8g p\u00e5 at d\u00e6kke patienternes yderst forskellige informationsbehov.<\/p>\n<p><b>Forebyggelse af Addison-kriser<\/b><\/p>\n<p class=\"p7\">Addison krise er en livstruende situation, der kan opst\u00e5 hos patienter med kronisk binyrebarkinsufficiens, selv om der er etableret erstatningsterapi (medicinsk behandling).<\/p>\n<p class=\"p7\">Det stressrelaterede kortisolrespons mangler ved kronisk binyrebarkinsufficiens og skal efterlignes af patienten med en kortvarig for\u00f8gelse af steroiddosis, der er h\u00f8jere end standarderstatningsdoseringen.<\/p>\n<p class=\"p12\"><b>Digital behandling <\/b><\/p>\n<p class=\"p7\">S\u00f8ger m\u00e5der til forbedring af plejen for personer med en binyrerelateret sygdom ved hj\u00e6lp af digitale teknologier. Rammerne for kontakt mellem patienter og sundhedspersonale st\u00e5r over for forandringer.<\/p>\n<p class=\"p13\"><b>Donorer og sponsorer <\/b><\/p>\n<p class=\"p7\">BijnierNETs arbejde er gjort muligt som f\u00f8lge af forskellige donorer og sponsorer, bl.a.: Vi har f\u00e5et \u00f8konomisk st\u00f8tte fra:<\/p>\n<ul>\n<li>Nuts Ohra fonden<\/li>\n<li>SGS Spaarneland Healthcare fonden<\/li>\n<li>Voorzorg Foundation<\/li>\n<li>ZonMW<\/li>\n<li>Hollandsk binyreforening NVACP<\/li>\n<li>Binyre Fond<\/li>\n<\/ul>\n<p class=\"p7\">Desuden modtog vi bidrag i form af naturalier fra UMC Radboud Nijmegen, UMC Utrecht, Isala hospital og andre.<\/p>\n<p>BijnierNET deltager ogs\u00e5 i to projekter der udf\u00f8res i regi af den hollandske sundhedsforsikringsfonds.<\/p>\n<p class=\"p12\"><b>Informationer og kontaktoplysninger <\/b><\/p>\n<p class=\"p7\">For informationer om BijnierNET kan du kontakte koordinator, Johan Beun, telefonisk (+31 651 340 516) eller sende en e-mail til info@bijnierNET.nl<\/p>\n<p class=\"p7\">Adresse: Fazantpad 3, 3766 JH Soest, Holland<\/p>\n","protected":false},"excerpt":{"rendered":"<p>Introduktion til AdrenalNET (BijnierNET p\u00e5 hollandsk) Ikke alle patienter med en binyrerelateret sygdom er s\u00e5 \u2018heldige\u2019 at blive diagnosticeret hurtigt og korrekt. Hvert \u00e5r, ogs\u00e5 i vore dage, konfronteres l\u00e6ger og patienter med un\u00f8dig menneskelig lidelse, ganske enkelt fordi det nogle gange tager ti eller tyve \u00e5r, inden man finder frem til den korrekte diagnose &hellip; <a href=\"https:\/\/adrenals.eu\/da\/om-os\/hvad-er-adrelannet-mission\/\" class=\"more-link\">L\u00e6s videre <span class=\"screen-reader-text\">Hvad er AdrelanNET \/ Mission<\/span> <span class=\"meta-nav\">&rarr;<\/span><\/a><\/p>\n","protected":false},"author":1,"featured_media":0,"parent":5990,"menu_order":0,"comment_status":"closed","ping_status":"closed","template":"","meta":{"protect_children":false,"footnotes":""},"class_list":["post-5989","page","type-page","status-publish","hentry"],"yoast_head":"<!-- This site is optimized with the Yoast SEO plugin v27.3 - https:\/\/yoast.com\/product\/yoast-seo-wordpress\/ -->\n<title>Hvad er AdrelanNET \/ Mission - adrenals.eu<\/title>\n<meta name=\"robots\" content=\"index, follow, max-snippet:-1, max-image-preview:large, max-video-preview:-1\" \/>\n<link rel=\"canonical\" href=\"https:\/\/adrenals.eu\/da\/om-os\/hvad-er-adrelannet-mission\/\" \/>\n<meta property=\"og:locale\" content=\"da_DK\" \/>\n<meta property=\"og:type\" content=\"article\" \/>\n<meta property=\"og:title\" content=\"Hvad er AdrelanNET \/ Mission - adrenals.eu\" \/>\n<meta property=\"og:description\" content=\"Introduktion til AdrenalNET (BijnierNET p\u00e5 hollandsk) Ikke alle patienter med en binyrerelateret sygdom er s\u00e5 \u2018heldige\u2019 at blive diagnosticeret hurtigt og korrekt. Hvert \u00e5r, ogs\u00e5 i vore dage, konfronteres l\u00e6ger og patienter med un\u00f8dig menneskelig lidelse, ganske enkelt fordi det nogle gange tager ti eller tyve \u00e5r, inden man finder frem til den korrekte diagnose &hellip; L\u00e6s videre Hvad er AdrelanNET \/ Mission &rarr;\" \/>\n<meta property=\"og:url\" content=\"https:\/\/adrenals.eu\/da\/om-os\/hvad-er-adrelannet-mission\/\" \/>\n<meta property=\"og:site_name\" content=\"adrenals.eu\" \/>\n<meta name=\"twitter:card\" content=\"summary_large_image\" \/>\n<meta name=\"twitter:label1\" content=\"Estimeret l\u00e6setid\" \/>\n\t<meta name=\"twitter:data1\" content=\"4 minutter\" \/>\n<script type=\"application\/ld+json\" class=\"yoast-schema-graph\">{\"@context\":\"https:\\\/\\\/schema.org\",\"@graph\":[{\"@type\":\"WebPage\",\"@id\":\"https:\\\/\\\/adrenals.eu\\\/da\\\/om-os\\\/hvad-er-adrelannet-mission\\\/\",\"url\":\"https:\\\/\\\/adrenals.eu\\\/da\\\/om-os\\\/hvad-er-adrelannet-mission\\\/\",\"name\":\"Hvad er AdrelanNET \\\/ Mission - adrenals.eu\",\"isPartOf\":{\"@id\":\"https:\\\/\\\/adrenals.eu\\\/#website\"},\"datePublished\":\"2016-05-27T15:19:18+00:00\",\"breadcrumb\":{\"@id\":\"https:\\\/\\\/adrenals.eu\\\/da\\\/om-os\\\/hvad-er-adrelannet-mission\\\/#breadcrumb\"},\"inLanguage\":\"da-DK\",\"potentialAction\":[{\"@type\":\"ReadAction\",\"target\":[\"https:\\\/\\\/adrenals.eu\\\/da\\\/om-os\\\/hvad-er-adrelannet-mission\\\/\"]}]},{\"@type\":\"BreadcrumbList\",\"@id\":\"https:\\\/\\\/adrenals.eu\\\/da\\\/om-os\\\/hvad-er-adrelannet-mission\\\/#breadcrumb\",\"itemListElement\":[{\"@type\":\"ListItem\",\"position\":1,\"name\":\"Home\",\"item\":\"https:\\\/\\\/adrenals.eu\\\/da\\\/\"},{\"@type\":\"ListItem\",\"position\":2,\"name\":\"Om os\",\"item\":\"https:\\\/\\\/adrenals.eu\\\/da\\\/om-os\\\/\"},{\"@type\":\"ListItem\",\"position\":3,\"name\":\"Hvad er AdrelanNET \\\/ Mission\"}]},{\"@type\":\"WebSite\",\"@id\":\"https:\\\/\\\/adrenals.eu\\\/#website\",\"url\":\"https:\\\/\\\/adrenals.eu\\\/\",\"name\":\"adrenals.eu\",\"description\":\"Everything about adrenal gland disorders\",\"potentialAction\":[{\"@type\":\"SearchAction\",\"target\":{\"@type\":\"EntryPoint\",\"urlTemplate\":\"https:\\\/\\\/adrenals.eu\\\/?s={search_term_string}\"},\"query-input\":{\"@type\":\"PropertyValueSpecification\",\"valueRequired\":true,\"valueName\":\"search_term_string\"}}],\"inLanguage\":\"da-DK\"}]}<\/script>\n<!-- \/ Yoast SEO plugin. -->","yoast_head_json":{"title":"Hvad er AdrelanNET \/ Mission - adrenals.eu","robots":{"index":"index","follow":"follow","max-snippet":"max-snippet:-1","max-image-preview":"max-image-preview:large","max-video-preview":"max-video-preview:-1"},"canonical":"https:\/\/adrenals.eu\/da\/om-os\/hvad-er-adrelannet-mission\/","og_locale":"da_DK","og_type":"article","og_title":"Hvad er AdrelanNET \/ Mission - adrenals.eu","og_description":"Introduktion til AdrenalNET (BijnierNET p\u00e5 hollandsk) Ikke alle patienter med en binyrerelateret sygdom er s\u00e5 \u2018heldige\u2019 at blive diagnosticeret hurtigt og korrekt. Hvert \u00e5r, ogs\u00e5 i vore dage, konfronteres l\u00e6ger og patienter med un\u00f8dig menneskelig lidelse, ganske enkelt fordi det nogle gange tager ti eller tyve \u00e5r, inden man finder frem til den korrekte diagnose &hellip; L\u00e6s videre Hvad er AdrelanNET \/ Mission &rarr;","og_url":"https:\/\/adrenals.eu\/da\/om-os\/hvad-er-adrelannet-mission\/","og_site_name":"adrenals.eu","twitter_card":"summary_large_image","twitter_misc":{"Estimeret l\u00e6setid":"4 minutter"},"schema":{"@context":"https:\/\/schema.org","@graph":[{"@type":"WebPage","@id":"https:\/\/adrenals.eu\/da\/om-os\/hvad-er-adrelannet-mission\/","url":"https:\/\/adrenals.eu\/da\/om-os\/hvad-er-adrelannet-mission\/","name":"Hvad er AdrelanNET \/ Mission - adrenals.eu","isPartOf":{"@id":"https:\/\/adrenals.eu\/#website"},"datePublished":"2016-05-27T15:19:18+00:00","breadcrumb":{"@id":"https:\/\/adrenals.eu\/da\/om-os\/hvad-er-adrelannet-mission\/#breadcrumb"},"inLanguage":"da-DK","potentialAction":[{"@type":"ReadAction","target":["https:\/\/adrenals.eu\/da\/om-os\/hvad-er-adrelannet-mission\/"]}]},{"@type":"BreadcrumbList","@id":"https:\/\/adrenals.eu\/da\/om-os\/hvad-er-adrelannet-mission\/#breadcrumb","itemListElement":[{"@type":"ListItem","position":1,"name":"Home","item":"https:\/\/adrenals.eu\/da\/"},{"@type":"ListItem","position":2,"name":"Om os","item":"https:\/\/adrenals.eu\/da\/om-os\/"},{"@type":"ListItem","position":3,"name":"Hvad er AdrelanNET \/ Mission"}]},{"@type":"WebSite","@id":"https:\/\/adrenals.eu\/#website","url":"https:\/\/adrenals.eu\/","name":"adrenals.eu","description":"Everything about adrenal gland disorders","potentialAction":[{"@type":"SearchAction","target":{"@type":"EntryPoint","urlTemplate":"https:\/\/adrenals.eu\/?s={search_term_string}"},"query-input":{"@type":"PropertyValueSpecification","valueRequired":true,"valueName":"search_term_string"}}],"inLanguage":"da-DK"}]}},"_links":{"self":[{"href":"https:\/\/adrenals.eu\/da\/wp-json\/wp\/v2\/pages\/5989","targetHints":{"allow":["GET"]}}],"collection":[{"href":"https:\/\/adrenals.eu\/da\/wp-json\/wp\/v2\/pages"}],"about":[{"href":"https:\/\/adrenals.eu\/da\/wp-json\/wp\/v2\/types\/page"}],"author":[{"embeddable":true,"href":"https:\/\/adrenals.eu\/da\/wp-json\/wp\/v2\/users\/1"}],"replies":[{"embeddable":true,"href":"https:\/\/adrenals.eu\/da\/wp-json\/wp\/v2\/comments?post=5989"}],"version-history":[{"count":0,"href":"https:\/\/adrenals.eu\/da\/wp-json\/wp\/v2\/pages\/5989\/revisions"}],"up":[{"embeddable":true,"href":"https:\/\/adrenals.eu\/da\/wp-json\/wp\/v2\/pages\/5990"}],"wp:attachment":[{"href":"https:\/\/adrenals.eu\/da\/wp-json\/wp\/v2\/media?parent=5989"}],"curies":[{"name":"wp","href":"https:\/\/api.w.org\/{rel}","templated":true}]}}